{"id":59806,"date":"2026-01-14T17:50:44","date_gmt":"2026-01-14T16:50:44","guid":{"rendered":"https:\/\/associazionemusicalemassarosa.eu\/?page_id=59806"},"modified":"2026-03-08T14:14:40","modified_gmt":"2026-03-08T13:14:40","slug":"jury-of-the-16th-competition","status":"publish","type":"page","link":"https:\/\/associazionemusicalemassarosa.eu\/?page_id=59806","title":{"rendered":"Jury of the 16th competition"},"content":{"rendered":"<p><\/p>\n<table class=\" aligncenter\">\n<tbody>\n<tr style=\"height: 222px;\">\n<td style=\"width: 100%;\"><span style=\"font-size: 16px;\"><span style=\"font-family: arial, helvetica, sans-serif; font-size: 14pt;\"><span style=\"font-size: 14pt;\"><strong><img loading=\"lazy\" decoding=\"async\" class=\"wp-image-3990 alignleft\" src=\"https:\/\/bacchini.net\/masnew_z\/wp-content\/uploads\/2023\/03\/ashkenazy.jpeg\" alt=\"\" width=\"214\" height=\"258\" srcset=\"https:\/\/associazionemusicalemassarosa.eu\/wp-content\/uploads\/2023\/03\/ashkenazy.jpeg 307w, https:\/\/associazionemusicalemassarosa.eu\/wp-content\/uploads\/2023\/03\/ashkenazy-249x300.jpeg 249w\" sizes=\"auto, (max-width: 214px) 100vw, 214px\" \/>Vovka Ashkenazy<br \/>\n<\/strong><span style=\"color: #000000; font-family: arial, helvetica, sans-serif; font-size: medium;\"><span style=\"font-size: 12pt;\">Vovka Ashkenazy, who is of Russian and Icelandic parentage, began piano lessons at the age of six with R\u00f6gnvaldur Sigurj\u00f3nsson in Reykjav\u00edk, where his family lived at the time. Ten years later he went to England to study with Sulamita Aronovsky at the Royal Northern College of Music in Manchester. He also bene\ufb01tted from occasional study sessions with pianists such as Leon Fleisher and Peter Frankl.&nbsp;<\/span><span style=\"font-size: 12pt;\">&#8230; <a href=\"https:\/\/associazionemusicalemassarosa.eu\/?page_id=59848&amp;lang=en\">read more<\/a><\/span><\/span><\/span><\/span><\/span><\/td>\n<\/tr>\n<tr style=\"height: 222px;\">\n<td style=\"width: 100%;\"><span style=\"font-family: arial, helvetica, sans-serif; font-size: 14pt;\"><strong><img loading=\"lazy\" decoding=\"async\" class=\"wp-image-3992 alignleft\" src=\"https:\/\/bacchini.net\/masnew_z\/wp-content\/uploads\/2023\/03\/gardon.jpeg\" alt=\"\" width=\"219\" height=\"230\" srcset=\"https:\/\/associazionemusicalemassarosa.eu\/wp-content\/uploads\/2023\/03\/gardon.jpeg 640w, https:\/\/associazionemusicalemassarosa.eu\/wp-content\/uploads\/2023\/03\/gardon-287x300.jpeg 287w\" sizes=\"auto, (max-width: 219px) 100vw, 219px\" \/>Olivier Gardon<br \/>\n<\/strong><span style=\"font-size: 12pt;\">Olivier Gardon was seven years old when he came to the attention of the Hungarian pianist Lili Kraus. He went on to study at the Conservatoire de Nice and at the Conservatoire National Sup\u00e9rieur de Musique (CNSM) in Paris with Pierre Sancan and Jean Hubeau, and he perfected his skills under the guidance of Jean Fassina, G\u00e9za Anda, Lili Kraus, and Gy\u00f6rgy Seb\u00f6k<a href=\"https:\/\/associazionemusicalemassarosa.eu\/?page_id=59853&amp;lang=en\"><em>&#8230;.read more<\/em><\/a><\/span><\/span><\/td>\n<\/tr>\n<tr style=\"height: 222px;\">\n<td style=\"width: 100%;\">\n<p><span style=\"font-size: 16px;\"><span style=\"font-size: 14pt;\"><strong><span style=\"font-size: 14pt; font-family: arial, helvetica, sans-serif;\"><img loading=\"lazy\" decoding=\"async\" class=\"wp-image-59810 alignleft\" src=\"https:\/\/associazionemusicalemassarosa.eu\/wp-content\/uploads\/2026\/01\/gromov.jpg\" alt=\"\" width=\"222\" height=\"271\" srcset=\"https:\/\/associazionemusicalemassarosa.eu\/wp-content\/uploads\/2026\/01\/gromov.jpg 655w, https:\/\/associazionemusicalemassarosa.eu\/wp-content\/uploads\/2026\/01\/gromov-246x300.jpg 246w\" sizes=\"auto, (max-width: 222px) 100vw, 222px\" \/>Georgy Gromov<\/span><\/strong><br \/>\n<\/span>A stylistically diverse and versatile artist, Georgy Gromov has been praised by critics for the depth, passion and sincerity of his interpretations. He has performed, both as a soloist and a prize-winning conductor, in major concert halls in Russia, Italy, Norway, Germany, France, Spain, the United Kingdom, and Switzerland as well as across Asia.<br \/>\nUntil recently, Georgy Gromov taught at the Gnessins\u2019 State Music College in Moscow. He is now regularly invited to give master classes in Russia and Europe and to serve as a jury member at international competitions in Italy, Germany, the United Kingdom, Mexico and France <a href=\"https:\/\/associazionemusicalemassarosa.eu\/?page_id=59824&amp;lang=en\">&#8230;.read more<\/a><br \/>\n<\/span><\/p>\n<\/td>\n<\/tr>\n<tr style=\"height: 222px;\">\n<td style=\"width: 100%;\">\n<p><span style=\"font-size: 16px;\"><span style=\"font-size: 14pt;\"><strong><img loading=\"lazy\" decoding=\"async\" class=\"wp-image-3477 alignleft\" src=\"https:\/\/associazionemusicalemassarosa.eu\/wp-content\/uploads\/2022\/03\/nuti.jpg\" alt=\"\" width=\"221\" height=\"245\" srcset=\"https:\/\/associazionemusicalemassarosa.eu\/wp-content\/uploads\/2022\/03\/nuti.jpg 1545w, https:\/\/associazionemusicalemassarosa.eu\/wp-content\/uploads\/2022\/03\/nuti-271x300.jpg 271w, https:\/\/associazionemusicalemassarosa.eu\/wp-content\/uploads\/2022\/03\/nuti-924x1024.jpg 924w, https:\/\/associazionemusicalemassarosa.eu\/wp-content\/uploads\/2022\/03\/nuti-768x852.jpg 768w, https:\/\/associazionemusicalemassarosa.eu\/wp-content\/uploads\/2022\/03\/nuti-1385x1536.jpg 1385w\" sizes=\"auto, (max-width: 221px) 100vw, 221px\" \/><span style=\"font-size: 14pt; font-family: arial, helvetica, sans-serif;\">Giampaolo Nuti<\/span><br \/>\n<\/strong><\/span><span style=\"font-family: arial, helvetica, sans-serif;\"><span style=\"font-size: 12pt;\"><span style=\"font-family: arial, helvetica, sans-serif;\">Giampaolo Nuti has been first prizewinner in many piano competitions and he has performed in Austria, France, Slovenia, Spain, Germany, Sweden, Ireland, USA, Canada, Peru, Mexico, Colombia, Kenya and throughout Italy in solo recitals and in various chamber ensembles, appearing in many relevant concert seasons and music festivals both as pianist and as harpsichordist. He is also active in the contemporary music field, often premiering new works for piano; his performances have been broadcasted by radio and television in Italy and Mexico<\/span>n 2002.<\/span> <a href=\"https:\/\/bacchini.net\/masnew_z\/?page_id=59855&amp;lang=en\">.<span style=\"color: #993300; font-size: medium;\"> &#8230; read more<\/span><\/a><\/span><strong><br \/>\n<\/strong><\/span><\/p>\n<\/td>\n<\/tr>\n<tr style=\"height: 222px;\">\n<td style=\"width: 100%;\">\n<p><span style=\"font-family: arial, helvetica, sans-serif; font-size: 14pt;\"><strong><span style=\"font-size: 14pt;\"><img loading=\"lazy\" decoding=\"async\" class=\" wp-image-3568 alignleft\" src=\"https:\/\/associazionemusicalemassarosa.eu\/wp-content\/uploads\/2022\/03\/risaliti1.jpg\" alt=\"\" width=\"221\" height=\"203\">Riccardo Risaliti<br \/>\n<\/span><\/strong><\/span><span style=\"font-family: arial, helvetica, sans-serif; font-size: 12pt;\">Riccardo Risaliti was born in Prato and studied at the Cherubini Conservatory in Florence, as a pupil of Rio Nardi and Luigi Dallapiccola. Among his teachers were also Nikita Magaloff, Carlo Zecchi and Sergio Lorenzi.<\/span><br \/>\n<span style=\"font-family: arial, helvetica, sans-serif; font-size: 12pt;\">After initially working as assistant for piano coaching and chamber music at the Accademia Chigiana in Siena and at the Teatro Municipale in Florence, and as a music critic, he won several piano competitions (Vercelli, Seregno, etc..) and began the career of concert pianist, making his debut with the Orchestra del Maggio Musicale Fiorentino.<\/span>.<span style=\"font-size: 12pt;\">.<span style=\"font-size: 12pt; font-family: arial, helvetica, sans-serif;\">.<a href=\"https:\/\/bacchini.net\/masnew_z\/?page_id=3488\">.<em>..read more<\/em><\/a><\/span><\/span><\/p>\n<\/td>\n<\/tr>\n<\/tbody>\n<\/table>\n<p><\/p>","protected":false},"excerpt":{"rendered":"<p>Vovka Ashkenazy Vovka Ashkenazy, who is of Russian and Icelandic parentage, began piano lessons at the age of six with R\u00f6gnvaldur Sigurj\u00f3nsson in Reykjav\u00edk, where his family lived at the time. Ten years later he went to England to study with Sulamita Aronovsky at the Royal Northern College of Music in Manchester. He also bene\ufb01tted &hellip; <a href=\"https:\/\/associazionemusicalemassarosa.eu\/?page_id=59806\" class=\"more-link\">Continue reading <span class=\"screen-reader-text\">Jury of the 16th competition<\/span> <span class=\"meta-nav\">&rarr;<\/span><\/a><\/p>\n","protected":false},"author":1,"featured_media":0,"parent":273,"menu_order":7,"comment_status":"open","ping_status":"closed","template":"","meta":{"ngg_post_thumbnail":0,"footnotes":"","_links_to":"","_links_to_target":""},"class_list":["post-59806","page","type-page","status-publish","hentry"],"_links":{"self":[{"href":"https:\/\/associazionemusicalemassarosa.eu\/index.php?rest_route=\/wp\/v2\/pages\/59806","targetHints":{"allow":["GET"]}}],"collection":[{"href":"https:\/\/associazionemusicalemassarosa.eu\/index.php?rest_route=\/wp\/v2\/pages"}],"about":[{"href":"https:\/\/associazionemusicalemassarosa.eu\/index.php?rest_route=\/wp\/v2\/types\/page"}],"author":[{"embeddable":true,"href":"https:\/\/associazionemusicalemassarosa.eu\/index.php?rest_route=\/wp\/v2\/users\/1"}],"replies":[{"embeddable":true,"href":"https:\/\/associazionemusicalemassarosa.eu\/index.php?rest_route=%2Fwp%2Fv2%2Fcomments&post=59806"}],"version-history":[{"count":2,"href":"https:\/\/associazionemusicalemassarosa.eu\/index.php?rest_route=\/wp\/v2\/pages\/59806\/revisions"}],"predecessor-version":[{"id":59915,"href":"https:\/\/associazionemusicalemassarosa.eu\/index.php?rest_route=\/wp\/v2\/pages\/59806\/revisions\/59915"}],"up":[{"embeddable":true,"href":"https:\/\/associazionemusicalemassarosa.eu\/index.php?rest_route=\/wp\/v2\/pages\/273"}],"wp:attachment":[{"href":"https:\/\/associazionemusicalemassarosa.eu\/index.php?rest_route=%2Fwp%2Fv2%2Fmedia&parent=59806"}],"curies":[{"name":"wp","href":"https:\/\/api.w.org\/{rel}","templated":true}]}}