{"id":4008,"date":"2023-03-14T19:12:17","date_gmt":"2023-03-14T18:12:17","guid":{"rendered":"https:\/\/bacchini.net\/masnew_z\/?page_id=4008"},"modified":"2023-03-15T08:52:38","modified_gmt":"2023-03-15T07:52:38","slug":"vovka-ashkenazy","status":"publish","type":"page","link":"https:\/\/associazionemusicalemassarosa.eu\/?page_id=4008","title":{"rendered":"Vovka Ashkenazy"},"content":{"rendered":"<p><\/p>\n<p style=\"text-align: center;\"><strong><span style=\"font-size: 24pt;\">Vovka Ashkenazy<\/span><\/strong><\/p>\n<p><span style=\"font-size: 14pt;\"><img loading=\"lazy\" decoding=\"async\" class=\"size-full wp-image-3990 aligncenter\" src=\"https:\/\/bacchini.net\/masnew_z\/wp-content\/uploads\/2023\/03\/ashkenazy.jpeg\" alt=\"\" width=\"307\" height=\"370\" srcset=\"https:\/\/associazionemusicalemassarosa.eu\/wp-content\/uploads\/2023\/03\/ashkenazy.jpeg 307w, https:\/\/associazionemusicalemassarosa.eu\/wp-content\/uploads\/2023\/03\/ashkenazy-249x300.jpeg 249w\" sizes=\"auto, (max-width: 307px) 100vw, 307px\" \/><\/span><\/p>\n<p><span style=\"font-size: 14pt;\">Vovka Ashkenazy, who is of Russian and Icelandic parentage, began piano lessons at the age of six with R\u00f6gnvaldur Sigurj\u00f3nsson in Reykjav\u00edk, where his family lived at the time. Ten years later he went to England to study with Sulamita Aronovsky at the Royal Northern College of Music in Manchester. He also bene\ufb01tted from occasional study sessions with pianists such as Leon Fleisher and Peter Frankl.<\/span><br \/>\n<span style=\"font-size: 14pt;\">Vovka Ashkenazy made his debut in London at the Barbican Centre in 1983 with the London Symphony Orchestra under Richard Hickox, performing Tchaikovsky&#8217;s First Piano Concerto. Since then, his career has taken him all across Europe, and to Australia, New Zealand, Japan and the Americas. He has participated in the Marlboro Festival in Vermont, as well as the Edinburgh and Spoleto festivals. Orchestras he has appeared with include nearly all the major British orchestras as well as the Los Angeles Philharmonic, the Australian Chamber, the Berlin Symphony, the Berne Symphony and the Z\u00fcrich Tonhalle Orchestras. Conductors he has worked with include his father,&nbsp;Vladimir Ashkenazy, Semyon Bychkov, Martin Fischer-Dieskau and Stanislaw Skrowaczewski, at venues such as the Hollywood Bowl, the Sydney Opera House, the Sala Verdi in Milan, and the Royal Festival Hall, London.<\/span><br \/>\n<span style=\"font-size: 14pt;\">\u200bVovka Ashkenazy is very active as a chamber musician and has recorded a CD of Italian Music for Clarinet and Piano with Dimitri Ashkenazy, his brother, with whom he toured Japan several times.&nbsp;He has also performed and recorded with his father,&nbsp;Vladimir Ashkenazy, and their recordings for&nbsp;DECCA include Bart\u00f3k\u2019s&nbsp;Sonata for Two Pianos and Percussion, Rachmaninoff\u2019s Suite for Piano Four Hands, and&nbsp;Schumann\u2019s Andante and Variations for Two Pianos, Two Cellos and Horn.<\/span><br \/>\n<span style=\"font-size: 14pt;\">&nbsp;Further recordings on DECCA with&nbsp;Vladimir Ashkenazy&nbsp;include the&nbsp;2009 release&nbsp;of a CD with&nbsp;French music for two pianos, and a 2011 release of a two-piano CD entitled&nbsp;Russian Fantasy, which includes transcriptions by Vovka Ashkenazy of Borodin&#8217;s&nbsp;Polovetsian Dances, as well as Mussorgsky&#8217;s&nbsp;Night on the Bald Mountain. A further two-piano recording, with&nbsp;music by Howard Blake, came out in 2013. Their two-piano concert activities have recently included performances in Italy, Switzerland, Turkey, and the UK, as well as seven tours of the Far East, the most recent being Japan in April\/May 2016. Vovka Ashkenazy has also worked together with the Reykjav\u00edk Wind Quintet and has released two CDs with this ensemble on the&nbsp;Chandos&nbsp;and the&nbsp;Cryston (Japan)&nbsp;labels.<\/span><br \/>\n<span style=\"font-size: 14pt;\">Vovka Ashkenazy devotes much&nbsp;of his time to teaching. He has given master classes in many countries, including China, Japan, South Korea, Europe and the United States. He was Professor of Piano at the&nbsp;Conservatoire Gabriel Faur\u00e9&nbsp;in Angoul\u00eame, France, from 1998 until 2007, when he moved to Switzerland. In addition to his post at the&nbsp;International Academy of Imola, he also teaches on the&nbsp;Master of Advanced Studies&nbsp;in Performance and Interpretation at the&nbsp;Conservatory of Italian Switzerland&nbsp;(CSI) in Lugano, and at&nbsp;Kalaidos Musikhochschule&nbsp;in Z\u00fcrich.<\/span><br \/>\n<span style=\"font-size: 14pt;\">Vovka Ashkenazy has contributed, through performances, to several charitable causes, including Action for Children and Cystic Fibrosis Trust in the UK, Telethon in Switzerland, and the&nbsp;Bridges Peace Foundation&nbsp;in Cambodia and the Philippines. He was made Honorary Artistic Adviser of the Guangzhou Opera House in November 2010,&nbsp;and he is Artistic Director of the&nbsp;Rina Sala Gallo International Piano Competition&nbsp;in Monza, Italy.<\/span><br \/>\n<span style=\"font-size: 14pt;\">He currently resides in Ticino, Switzerland, with his family.<\/span><\/p>\n<p><\/p>","protected":false},"excerpt":{"rendered":"<p>Vovka Ashkenazy Vovka Ashkenazy, who is of Russian and Icelandic parentage, began piano lessons at the age of six with R\u00f6gnvaldur Sigurj\u00f3nsson in Reykjav\u00edk, where his family lived at the time. Ten years later he went to England to study with Sulamita Aronovsky at the Royal Northern College of Music in Manchester. He also bene\ufb01tted &hellip; <a href=\"https:\/\/associazionemusicalemassarosa.eu\/?page_id=4008\" class=\"more-link\">Continue reading <span class=\"screen-reader-text\">Vovka Ashkenazy<\/span> <span class=\"meta-nav\">&rarr;<\/span><\/a><\/p>\n","protected":false},"author":1,"featured_media":0,"parent":3876,"menu_order":1,"comment_status":"closed","ping_status":"closed","template":"","meta":{"ngg_post_thumbnail":0,"footnotes":"","_links_to":"","_links_to_target":""},"class_list":["post-4008","page","type-page","status-publish","hentry"],"_links":{"self":[{"href":"https:\/\/associazionemusicalemassarosa.eu\/index.php?rest_route=\/wp\/v2\/pages\/4008","targetHints":{"allow":["GET"]}}],"collection":[{"href":"https:\/\/associazionemusicalemassarosa.eu\/index.php?rest_route=\/wp\/v2\/pages"}],"about":[{"href":"https:\/\/associazionemusicalemassarosa.eu\/index.php?rest_route=\/wp\/v2\/types\/page"}],"author":[{"embeddable":true,"href":"https:\/\/associazionemusicalemassarosa.eu\/index.php?rest_route=\/wp\/v2\/users\/1"}],"replies":[{"embeddable":true,"href":"https:\/\/associazionemusicalemassarosa.eu\/index.php?rest_route=%2Fwp%2Fv2%2Fcomments&post=4008"}],"version-history":[{"count":2,"href":"https:\/\/associazionemusicalemassarosa.eu\/index.php?rest_route=\/wp\/v2\/pages\/4008\/revisions"}],"predecessor-version":[{"id":4073,"href":"https:\/\/associazionemusicalemassarosa.eu\/index.php?rest_route=\/wp\/v2\/pages\/4008\/revisions\/4073"}],"up":[{"embeddable":true,"href":"https:\/\/associazionemusicalemassarosa.eu\/index.php?rest_route=\/wp\/v2\/pages\/3876"}],"wp:attachment":[{"href":"https:\/\/associazionemusicalemassarosa.eu\/index.php?rest_route=%2Fwp%2Fv2%2Fmedia&parent=4008"}],"curies":[{"name":"wp","href":"https:\/\/api.w.org\/{rel}","templated":true}]}}