{"id":4006,"date":"2023-03-14T19:10:24","date_gmt":"2023-03-14T18:10:24","guid":{"rendered":"https:\/\/bacchini.net\/masnew_z\/?page_id=4006"},"modified":"2023-05-14T12:59:00","modified_gmt":"2023-05-14T10:59:00","slug":"michele-gamba","status":"publish","type":"page","link":"https:\/\/associazionemusicalemassarosa.eu\/?page_id=4006","title":{"rendered":"\u00c1lvaro Teixeira Lopes"},"content":{"rendered":"<p><\/p>\n<p style=\"text-align: center;\"><span style=\"font-size: 24pt;\"><strong>\u00c1lvaro Teixeira Lopes<\/strong><\/span><\/p>\n<p><img loading=\"lazy\" decoding=\"async\" class=\"aligncenter wp-image-4211 size-medium\" src=\"https:\/\/bacchini.net\/masnew_z\/wp-content\/uploads\/2023\/05\/teixeira-288x300.jpg\" alt=\"\" width=\"288\" height=\"300\" srcset=\"https:\/\/associazionemusicalemassarosa.eu\/wp-content\/uploads\/2023\/05\/teixeira-288x300.jpg 288w, https:\/\/associazionemusicalemassarosa.eu\/wp-content\/uploads\/2023\/05\/teixeira-982x1024.jpg 982w, https:\/\/associazionemusicalemassarosa.eu\/wp-content\/uploads\/2023\/05\/teixeira-768x801.jpg 768w, https:\/\/associazionemusicalemassarosa.eu\/wp-content\/uploads\/2023\/05\/teixeira-1473x1536.jpg 1473w, https:\/\/associazionemusicalemassarosa.eu\/wp-content\/uploads\/2023\/05\/teixeira-1964x2048.jpg 1964w\" sizes=\"auto, (max-width: 288px) 100vw, 288px\" \/><\/p>\n<p>\u00c1lvaro Teixeira Lopes is Professor in the Department of Communication and Art at Aveiro University, as well as the Artistic Director of Santa Cecilia International Competition (CISC), and Director of Curso de M\u00fasica Silva Monteiro (CMSM). \u00c1lvaro Teixeira Lopes attended the Conservat\u00f3rio de M\u00fasica do Porto and continued his studies in Vienna and Paris with Paul Badura Skoda, Noel Flores and Marian Ribicky. Awarded with several prizes, he developed<br \/>\nintense national and international activities as a soloist and chamber musician and has been invited to play in some of the most prestigious festivals internationally.<br \/>\nArtistic director of several festivals, he has directed numerous Master-Classes in Portugal, France, Brazil, Taiwan, China, Spain and Italy. Frequently invited to join panels of piano competitions, he has been jury member of the Orbetello&nbsp;International Competition, Rospigliosi, Rina Sala Gallo, Iturbi, Compositores de Espa\u00f1a, Isidor Basi\u010d, Pro-Piano, Concours International de Piano de Lyon, Concours International d\u2019Epinal, C\u00e9sar Frank International Competition, Cleveland Virtualoso, Maestro Arts Taiwan, Porto Piano International Competition, Festival Internacional de Piano do Rio de Janeiro, and many others all over the world.<\/p>\n<p><\/p>","protected":false},"excerpt":{"rendered":"<p>\u00c1lvaro Teixeira Lopes \u00c1lvaro Teixeira Lopes is Professor in the Department of Communication and Art at Aveiro University, as well as the Artistic Director of Santa Cecilia International Competition (CISC), and Director of Curso de M\u00fasica Silva Monteiro (CMSM). \u00c1lvaro Teixeira Lopes attended the Conservat\u00f3rio de M\u00fasica do Porto and continued his studies in Vienna &hellip; <a href=\"https:\/\/associazionemusicalemassarosa.eu\/?page_id=4006\" class=\"more-link\">Continue reading <span class=\"screen-reader-text\">\u00c1lvaro Teixeira Lopes<\/span> <span class=\"meta-nav\">&rarr;<\/span><\/a><\/p>\n","protected":false},"author":1,"featured_media":0,"parent":3876,"menu_order":2,"comment_status":"closed","ping_status":"closed","template":"","meta":{"ngg_post_thumbnail":0,"footnotes":"","_links_to":"","_links_to_target":""},"class_list":["post-4006","page","type-page","status-publish","hentry"],"_links":{"self":[{"href":"https:\/\/associazionemusicalemassarosa.eu\/index.php?rest_route=\/wp\/v2\/pages\/4006","targetHints":{"allow":["GET"]}}],"collection":[{"href":"https:\/\/associazionemusicalemassarosa.eu\/index.php?rest_route=\/wp\/v2\/pages"}],"about":[{"href":"https:\/\/associazionemusicalemassarosa.eu\/index.php?rest_route=\/wp\/v2\/types\/page"}],"author":[{"embeddable":true,"href":"https:\/\/associazionemusicalemassarosa.eu\/index.php?rest_route=\/wp\/v2\/users\/1"}],"replies":[{"embeddable":true,"href":"https:\/\/associazionemusicalemassarosa.eu\/index.php?rest_route=%2Fwp%2Fv2%2Fcomments&post=4006"}],"version-history":[{"count":2,"href":"https:\/\/associazionemusicalemassarosa.eu\/index.php?rest_route=\/wp\/v2\/pages\/4006\/revisions"}],"predecessor-version":[{"id":4257,"href":"https:\/\/associazionemusicalemassarosa.eu\/index.php?rest_route=\/wp\/v2\/pages\/4006\/revisions\/4257"}],"up":[{"embeddable":true,"href":"https:\/\/associazionemusicalemassarosa.eu\/index.php?rest_route=\/wp\/v2\/pages\/3876"}],"wp:attachment":[{"href":"https:\/\/associazionemusicalemassarosa.eu\/index.php?rest_route=%2Fwp%2Fv2%2Fmedia&parent=4006"}],"curies":[{"name":"wp","href":"https:\/\/api.w.org\/{rel}","templated":true}]}}