{"id":3798,"date":"2022-06-17T15:35:42","date_gmt":"2022-06-17T13:35:42","guid":{"rendered":"https:\/\/bacchini.net\/masnew_y\/?page_id=3798"},"modified":"2026-04-20T09:36:57","modified_gmt":"2026-04-20T07:36:57","slug":"2022-2","status":"publish","type":"page","link":"https:\/\/associazionemusicalemassarosa.eu\/?page_id=3798","title":{"rendered":"2022"},"content":{"rendered":"<p><\/p>\n<p><span style=\"font-family: arial, helvetica, sans-serif; font-size: 12pt;\"><strong>Twelfth edition &#8211; 2022<\/strong><\/span><\/p>\n<p>Jury: <a href=\"https:\/\/associazionemusicalemassarosa.eu\/?page_id=3481\">Bryce Morrison<\/a> (president &#8211; UK), <a href=\"https:\/\/associazionemusicalemassarosa.eu\/?page_id=3485\">Jean-Fran\u00e7ois Antonioli<\/a> (CH),&nbsp; <a href=\"https:\/\/associazionemusicalemassarosa.eu\/?page_id=59848\">Vovka Ashkenazy<\/a> (IS), <a href=\"https:\/\/associazionemusicalemassarosa.eu\/?page_id=59855\">Giampaolo Nuti<\/a> (IT), <span lang=\"en-GB\"><a href=\"https:\/\/associazionemusicalemassarosa.eu\/?page_id=4026\">Riccardo Risaliti<\/a> (IT)<\/span><span lang=\"en-GB\">, <a href=\"https:\/\/bacchini.net\/masnew_z\/?page_id=3489\">Fran\u00e7ois-Jo\u00ebl Thiollier<\/a> (F), <a href=\"https:\/\/associazionemusicalemassarosa.eu\/?page_id=3490\">Catherine Vickers<\/a> (C)<\/span><\/p>\n<div style=\"text-align: center; margin: 0 auto;\">\n<p style=\"text-align: center;\"><span style=\"font-size: 12pt; color: #000000;\"><strong>First Prize: <\/strong><strong>Saya Ota<\/strong><\/span><img loading=\"lazy\" decoding=\"async\" class=\"aligncenter wp-image-4112\" src=\"https:\/\/bacchini.net\/masnew_z\/wp-content\/uploads\/2023\/04\/ota-207x300.jpg\" alt=\"\" width=\"150\" height=\"217\" srcset=\"https:\/\/associazionemusicalemassarosa.eu\/wp-content\/uploads\/2023\/04\/ota-207x300.jpg 207w, https:\/\/associazionemusicalemassarosa.eu\/wp-content\/uploads\/2023\/04\/ota.jpg 605w\" sizes=\"auto, (max-width: 150px) 100vw, 150px\" \/><a href=\"https:\/\/www.youtube.com\/watch?v=o9mmTYN2T7o&amp;list=PL8YFm68v-xcpZeyn1RoW-8WGFMabqkK0Z&amp;index=1\">video of the final run<\/a><\/p>\n<p style=\"text-align: center;\"><strong><span style=\"font-size: 18pt; color: #ff0000;\"><span style=\"font-size: 12pt; color: #000000;\">Second prize: Takeshi Shimozato<\/span><\/span><\/strong><\/p>\n<p><img loading=\"lazy\" decoding=\"async\" class=\"aligncenter  wp-image-3736\" src=\"https:\/\/associazionemusicalemassarosa.eu\/wp-content\/uploads\/2022\/06\/Shimozato.jpg\" alt=\"\" width=\"156\" height=\"234\" srcset=\"https:\/\/associazionemusicalemassarosa.eu\/wp-content\/uploads\/2022\/06\/Shimozato.jpg 1672w, https:\/\/associazionemusicalemassarosa.eu\/wp-content\/uploads\/2022\/06\/Shimozato-200x300.jpg 200w, https:\/\/associazionemusicalemassarosa.eu\/wp-content\/uploads\/2022\/06\/Shimozato-683x1024.jpg 683w, https:\/\/associazionemusicalemassarosa.eu\/wp-content\/uploads\/2022\/06\/Shimozato-768x1152.jpg 768w, https:\/\/associazionemusicalemassarosa.eu\/wp-content\/uploads\/2022\/06\/Shimozato-1024x1536.jpg 1024w, https:\/\/associazionemusicalemassarosa.eu\/wp-content\/uploads\/2022\/06\/Shimozato-1365x2048.jpg 1365w\" sizes=\"auto, (max-width: 156px) 100vw, 156px\" \/><\/p>\n<p style=\"text-align: center;\"><a href=\"https:\/\/www.youtube.com\/watch?v=Ri3Fizke-zI&amp;list=PL8YFm68v-xcpZeyn1RoW-8WGFMabqkK0Z&amp;index=3\">video of the final run<\/a><\/p>\n<p style=\"text-align: center;\"><span style=\"font-size: 12pt; color: #000000;\"><strong>Third Prize: <\/strong><strong>Alessandro Villalva<\/strong><\/span><\/p>\n<p><img loading=\"lazy\" decoding=\"async\" class=\"aligncenter  wp-image-3737\" src=\"https:\/\/associazionemusicalemassarosa.eu\/wp-content\/uploads\/2022\/06\/villalva.jpg\" alt=\"\" width=\"177\" height=\"236\" srcset=\"https:\/\/associazionemusicalemassarosa.eu\/wp-content\/uploads\/2022\/06\/villalva.jpg 1557w, https:\/\/associazionemusicalemassarosa.eu\/wp-content\/uploads\/2022\/06\/villalva-225x300.jpg 225w, https:\/\/associazionemusicalemassarosa.eu\/wp-content\/uploads\/2022\/06\/villalva-768x1024.jpg 768w, https:\/\/associazionemusicalemassarosa.eu\/wp-content\/uploads\/2022\/06\/villalva-1151x1536.jpg 1151w, https:\/\/associazionemusicalemassarosa.eu\/wp-content\/uploads\/2022\/06\/villalva-1535x2048.jpg 1535w\" sizes=\"auto, (max-width: 177px) 100vw, 177px\" \/><\/p>\n<p style=\"text-align: center;\"><span style=\"font-size: 12pt; color: #000000;\"><a href=\"https:\/\/www.youtube.com\/watch?v=LfqBqxYigt8&amp;list=PL8YFm68v-xcpZeyn1RoW-8WGFMabqkK0Z&amp;index=2\">video of the final run<\/a><\/span><\/p>\n<\/div>\n<p><\/p>","protected":false},"excerpt":{"rendered":"<p>Twelfth edition &#8211; 2022 Jury: Bryce Morrison (president &#8211; UK), Jean-Fran\u00e7ois Antonioli (CH),&nbsp; Vovka Ashkenazy (IS), Giampaolo Nuti (IT), Riccardo Risaliti (IT), Fran\u00e7ois-Jo\u00ebl Thiollier (F), Catherine Vickers (C) First Prize: Saya Otavideo of the final run Second prize: Takeshi Shimozato video of the final run Third Prize: Alessandro Villalva video of the final run<\/p>\n","protected":false},"author":1,"featured_media":0,"parent":27,"menu_order":2021,"comment_status":"closed","ping_status":"closed","template":"","meta":{"ngg_post_thumbnail":0,"footnotes":"","_links_to":"","_links_to_target":""},"class_list":["post-3798","page","type-page","status-publish","hentry"],"_links":{"self":[{"href":"https:\/\/associazionemusicalemassarosa.eu\/index.php?rest_route=\/wp\/v2\/pages\/3798","targetHints":{"allow":["GET"]}}],"collection":[{"href":"https:\/\/associazionemusicalemassarosa.eu\/index.php?rest_route=\/wp\/v2\/pages"}],"about":[{"href":"https:\/\/associazionemusicalemassarosa.eu\/index.php?rest_route=\/wp\/v2\/types\/page"}],"author":[{"embeddable":true,"href":"https:\/\/associazionemusicalemassarosa.eu\/index.php?rest_route=\/wp\/v2\/users\/1"}],"replies":[{"embeddable":true,"href":"https:\/\/associazionemusicalemassarosa.eu\/index.php?rest_route=%2Fwp%2Fv2%2Fcomments&post=3798"}],"version-history":[{"count":2,"href":"https:\/\/associazionemusicalemassarosa.eu\/index.php?rest_route=\/wp\/v2\/pages\/3798\/revisions"}],"predecessor-version":[{"id":60043,"href":"https:\/\/associazionemusicalemassarosa.eu\/index.php?rest_route=\/wp\/v2\/pages\/3798\/revisions\/60043"}],"up":[{"embeddable":true,"href":"https:\/\/associazionemusicalemassarosa.eu\/index.php?rest_route=\/wp\/v2\/pages\/27"}],"wp:attachment":[{"href":"https:\/\/associazionemusicalemassarosa.eu\/index.php?rest_route=%2Fwp%2Fv2%2Fmedia&parent=3798"}],"curies":[{"name":"wp","href":"https:\/\/api.w.org\/{rel}","templated":true}]}}