{"id":3489,"date":"2022-03-06T13:49:08","date_gmt":"2022-03-06T12:49:08","guid":{"rendered":"https:\/\/bacchini.net\/masnew_y\/?page_id=3489"},"modified":"2022-03-06T17:14:14","modified_gmt":"2022-03-06T16:14:14","slug":"francois-joel-thiollier","status":"publish","type":"page","link":"https:\/\/associazionemusicalemassarosa.eu\/?page_id=3489","title":{"rendered":"Fran\u00e7ois-Joel Thiollier"},"content":{"rendered":"<p><\/p>\n<p style=\"text-align: center; font-size: 24pt;\"><strong>Fran\u00e7ois-Jo\u00ebl Thiollier<\/strong><\/p>\n<p style=\"text-align: justify; font-size: 14pt;\"><img loading=\"lazy\" decoding=\"async\" class=\" wp-image-3497 alignleft\" src=\"https:\/\/bacchini.net\/masnew_y\/wp-content\/uploads\/2022\/03\/thiollier.jpg\" alt=\"\" width=\"273\" height=\"270\">Fran\u00e7ois-Jo\u00ebl Thiollier is one of today\u2019s most complete pianists and musicians. Franco-American by birth he has assimilated the best of several cultures: born in Paris, he played his first concert at the age of five in New York. As a child, he studied in France with Robert Casadesus and distinguished teachers of the Paris Conservatoire. Subsequently, he studied with Sascha Gorodnitzki at the Juilliard School of Music where he obtained both Bachelor\u2019s and Master\u2019s degrees at the record ages of eighteen and nineteen; with top honors and awards in all subjects, both academic and musical.<br \/>\n<span style=\"font-family: arial, helvetica, sans-serif; font-size: 14pt;\">Fran\u00e7ois-Jo\u00ebl Thiollier went on to win eight &#8220;Grands Prix&#8221; in international piano competitions, notably the Brussels Queen Elizabeth and the Moscow Tchaikowsky Prizes.<\/span><br \/>\n<span style=\"font-family: arial, helvetica, sans-serif; font-size: 14pt;\">Thiollier\u2019s enormous repertoire (80 concerti), his exceptional musical culture and his extraordinary pianistic command are the key to his international success. He now concertizes in over 40 countries with the leading orchestras, such as the Moscow and Leningrad Philharmonic, the Amsterdam Concertgebouw, the Hague Residentie Orkest, l\u2019Orchestre de Paris, l\u2019Orchestre National de France, l\u2019Orchestre Philharmonique, the Italian Rai, the Berlin Symphony Orchestra etc. He played in famous concert halls, among which the Th\u00e9\u00e2tre des Champs-Elys\u00e9es and Salle Pleyel in Paris, the Teatro Real and the New Auditorium in Madrid, the&nbsp;Victoria Hall in Geneva, the Accademia Santa Cecilia in Rome, the Milan Scala, the Brussels Palais des Beaux Arts, the Amsterdam Concertgebouw, the Berlin Philharmonie and Konzerthaus, the Sydney Opera House Concert Hall.<\/span><br \/>\n<span style=\"font-family: arial, helvetica, sans-serif; font-size: 14pt;\">Guest of the Berlin Philharmonie, his interpretation of the Busoni Concerto was hailed by the Berliner Morgenpost:&nbsp;\u00abThiollier, a pianist absolutely beyond compare, stunned and fascinated his audience with his incredible technique, polished elegance, impeccable sensitivity of sonorities and last but not least, consummate unstinting musicianship\u00bb.<\/span><\/p>\n<p style=\"text-align: justify;\"><span style=\"font-family: arial, helvetica, sans-serif; font-size: 14pt;\">After recording 36 LP\u2019s with Scriabin, Liszt, Mozart, Beethoven, Brahms, Romantic Waltzes, etc. Thiollier has now over 40 CD\u2019s:<\/span><br \/>\n<span style=\"font-family: arial, helvetica, sans-serif; font-size: 14pt;\">For Thesis-RCA: Rachmaninoff\u2019s Complete Piano Works, republished by RCA-BMG.<\/span><br \/>\n<span style=\"font-family: arial, helvetica, sans-serif; font-size: 14pt;\">For Thesis: Rachmaninoff\u2019s Second Concerto &#8211; Gershwin\u2019s Works for Piano, Liszt (3 CDs) &#8211; Russian Anthology and Live Recital.<\/span><br \/>\n<span style=\"font-family: arial, helvetica, sans-serif; font-size: 14pt;\">For Kontrapunkt: BUSONI: Piano Concerto.<\/span><br \/>\n<span style=\"font-family: arial, helvetica, sans-serif; font-size: 14pt;\">For Black Horse: a Video cassette \u00ab&nbsp;The Viennese Waltz&nbsp;\u00bb<\/span><br \/>\n<span style=\"font-family: arial, helvetica, sans-serif; font-size: 14pt;\">For Naxos: Ravel\u2019s Complete Piano Works, and Concertos; Falla, Nights in the Gardens of Spain;<\/span><br \/>\n<span style=\"font-family: arial, helvetica, sans-serif; font-size: 14pt;\">D\u2019Indy, Symphony on a French Mountain Air; Faur\u00e9, Ballade op. 19; Franck, Symphonic Variations, and \u00ab&nbsp;Les Djinns&nbsp;\u00bb, and, with Maria Kliegel, Saint-Sa\u00ebns: Works for piano and cello. <\/span><br \/>\n<span style=\"font-family: arial, helvetica, sans-serif; font-size: 14pt;\">For&nbsp;Grave: in Gershwin&#8217;s centennial (1998) the Complete Piano Works, and Beethoven&#8217;s very rare and early works.<\/span><br \/>\n<span style=\"font-family: arial, helvetica, sans-serif; font-size: 14pt;\">For Naxos: Debussy: Complete Piano Works. The Volume 5, \u00ab&nbsp;Etudes&nbsp;\u00bb, was hailed by a \u00abChoc de la Musique&nbsp;\u00bb from Le Monde de la Musique. The same distinction was given to \u201cViennese Waltzes&nbsp;\u00bb published by Saphir. <\/span><br \/>\n<span style=\"font-family: arial, helvetica, sans-serif; font-size: 14pt;\">For K 617: two world premi\u00e8re (Th\u00e9odore Gouvy: Complete Works for piano and violin, and Max d\u2019Ollone: Fantasy for piano and orchestra) received a \u00abChoc de la Musique&nbsp;\u00bb from Le Monde de la Musique and a \u201cDiapason d\u2019or d\u00e9couverte\u201d from the review Diapason.<\/span><br \/>\n<span style=\"font-family: arial, helvetica, sans-serif; font-size: 14pt;\">For Multigram and Venice Channel: in high definition television, two DVDs with Mozart&#8217;s Kammerkonzerte K. 413, K. 414, K. 449, and Gershwin: Complete piano Works.<\/span><br \/>\n<span style=\"font-family: arial, helvetica, sans-serif; font-size: 14pt;\">For Polymnie he has registered Onslow\u2019s Quintet with the Quatuor Monsolo and for P &amp; Y Productions Widor and Saint-Sa\u00ebns quintets.<\/span><\/p>\n<p style=\"text-align: justify;\"><span style=\"font-family: arial, helvetica, sans-serif; font-size: 14pt;\">Fran\u00e7ois-Jo\u00ebl Thiollier was named \u201cOfficier des Arts et Lettres\u201d by the French Ministry of Culture and Communication in 2003.<\/span><\/p>\n<p style=\"text-align: justify;\"><span style=\"font-family: arial, helvetica, sans-serif; font-size: 14pt;\">Website:&nbsp;<a href=\"http:\/\/www.fjthiollier.com\">http:\/\/www.fjthiollier.com<\/a><\/span><\/p>\n<p><\/p>","protected":false},"excerpt":{"rendered":"<p>Fran\u00e7ois-Jo\u00ebl Thiollier Fran\u00e7ois-Jo\u00ebl Thiollier is one of today\u2019s most complete pianists and musicians. Franco-American by birth he has assimilated the best of several cultures: born in Paris, he played his first concert at the age of five in New York. As a child, he studied in France with Robert Casadesus and distinguished teachers of the &hellip; <a href=\"https:\/\/associazionemusicalemassarosa.eu\/?page_id=3489\" class=\"more-link\">Continue reading <span class=\"screen-reader-text\">Fran\u00e7ois-Joel Thiollier<\/span> <span class=\"meta-nav\">&rarr;<\/span><\/a><\/p>\n","protected":false},"author":1,"featured_media":0,"parent":54,"menu_order":5,"comment_status":"closed","ping_status":"closed","template":"","meta":{"ngg_post_thumbnail":0,"footnotes":"","_links_to":"","_links_to_target":""},"class_list":["post-3489","page","type-page","status-publish","hentry"],"_links":{"self":[{"href":"https:\/\/associazionemusicalemassarosa.eu\/index.php?rest_route=\/wp\/v2\/pages\/3489","targetHints":{"allow":["GET"]}}],"collection":[{"href":"https:\/\/associazionemusicalemassarosa.eu\/index.php?rest_route=\/wp\/v2\/pages"}],"about":[{"href":"https:\/\/associazionemusicalemassarosa.eu\/index.php?rest_route=\/wp\/v2\/types\/page"}],"author":[{"embeddable":true,"href":"https:\/\/associazionemusicalemassarosa.eu\/index.php?rest_route=\/wp\/v2\/users\/1"}],"replies":[{"embeddable":true,"href":"https:\/\/associazionemusicalemassarosa.eu\/index.php?rest_route=%2Fwp%2Fv2%2Fcomments&post=3489"}],"version-history":[{"count":2,"href":"https:\/\/associazionemusicalemassarosa.eu\/index.php?rest_route=\/wp\/v2\/pages\/3489\/revisions"}],"predecessor-version":[{"id":3538,"href":"https:\/\/associazionemusicalemassarosa.eu\/index.php?rest_route=\/wp\/v2\/pages\/3489\/revisions\/3538"}],"up":[{"embeddable":true,"href":"https:\/\/associazionemusicalemassarosa.eu\/index.php?rest_route=\/wp\/v2\/pages\/54"}],"wp:attachment":[{"href":"https:\/\/associazionemusicalemassarosa.eu\/index.php?rest_route=%2Fwp%2Fv2%2Fmedia&parent=3489"}],"curies":[{"name":"wp","href":"https:\/\/api.w.org\/{rel}","templated":true}]}}