{"id":27,"date":"2013-12-25T00:40:54","date_gmt":"2013-12-25T00:40:54","guid":{"rendered":"http:\/\/bacchini.net\/massarosa\/?page_id=27"},"modified":"2025-12-02T13:55:41","modified_gmt":"2025-12-02T12:55:41","slug":"27-2","status":"publish","type":"page","link":"https:\/\/associazionemusicalemassarosa.eu\/?page_id=27","title":{"rendered":"Archive"},"content":{"rendered":"<p><\/p>\n<p><span style=\"font-size: 12pt; font-family: arial, helvetica, sans-serif;\"><strong>First Edition &#8211; 2010<\/strong><\/span><\/p>\n<p><span style=\"font-size: 12pt; font-family: arial, helvetica, sans-serif;\"><strong>Jury<\/strong>: Riccardo Risaliti, president<\/span><br \/>\n<span style=\"font-size: 12pt; font-family: arial, helvetica, sans-serif;\"> Giuseppe Bruno, Roberto Cappello, Luciano Lanfranchi, Federico Rovini<\/span><\/p>\n<p><span style=\"font-size: 12pt; font-family: arial, helvetica, sans-serif;\"><strong>1st Prize:<\/strong> not awarded<\/span><br \/>\n<span style=\"font-size: 12pt; font-family: arial, helvetica, sans-serif;\"> <strong> 2nd Prize:<\/strong> Yutaka Nishimura<\/span><br \/>\n<span style=\"font-size: 12pt; font-family: arial, helvetica, sans-serif;\"> <strong> 3rd Prize:<\/strong> Edoardo Barsotti, Alvise Pascucci<\/span><\/p>\n<p><span style=\"font-size: 12pt; font-family: arial, helvetica, sans-serif;\"><strong>Second Edition &#8211; 2011<\/strong><\/span><\/p>\n<p><span style=\"font-size: 12pt; font-family: arial, helvetica, sans-serif;\"><strong>Jury<\/strong>: Riccardo Risaliti, president<\/span><br \/>\n<span style=\"font-size: 12pt; font-family: arial, helvetica, sans-serif;\"> Pietro De Maria, Jin Ju, Daniel Rivera,Federico Rovini)<\/span><\/p>\n<p><span style=\"font-size: 12pt; font-family: arial, helvetica, sans-serif;\"><strong>1st Prize:<\/strong> Galina Chistiakova, Katerina Titova<\/span><br \/>\n<span style=\"font-size: 12pt; font-family: arial, helvetica, sans-serif;\"> <strong> 2nd Prize:<\/strong> Chiara Opalio<\/span><br \/>\n<span style=\"font-size: 12pt; font-family: arial, helvetica, sans-serif;\"> <strong> 3rd Prize:<\/strong> Angelo Arciglione, Goran Filipec<\/span><\/p>\n<p><span style=\"font-size: 12pt; font-family: arial, helvetica, sans-serif;\"><strong>Third Edition &#8211; 2012<\/strong><\/span><\/p>\n<p><span style=\"font-size: 12pt; font-family: arial, helvetica, sans-serif;\"><strong>Jury<\/strong>: Riccardo Risaliti, president<\/span><br \/>\n<span style=\"font-size: 12pt; font-family: arial, helvetica, sans-serif;\"> Drahomira Biligova, Georgy Gromov, Yasuko Matsuda, Federico Rovini<\/span><\/p>\n<p><span style=\"font-size: 12pt; font-family: arial, helvetica, sans-serif;\"><strong>1st Prize:&nbsp;<\/strong> Stephanie Proot, Alexei Sychev<\/span><br \/>\n<span style=\"font-size: 12pt; font-family: arial, helvetica, sans-serif;\"> <strong> 2nd Prize:<\/strong> Shoko Kawasaki<\/span><br \/>\n<span style=\"font-size: 12pt; font-family: arial, helvetica, sans-serif;\"> <strong> 3rd Prize:&nbsp;<\/strong> Sacha Grynyuk<b><br \/>\n<\/b><\/span><\/p>\n<p><span style=\"font-size: 12pt; font-family: arial, helvetica, sans-serif;\"><b>Fourth Edition &#8211; 2013<\/b><\/span><\/p>\n<p><span style=\"font-size: 12pt; font-family: arial, helvetica, sans-serif;\"><strong>Jury<\/strong>: Guido Salvetti, &nbsp;president<\/span><br \/>\n<span style=\"font-size: 12pt; font-family: arial, helvetica, sans-serif;\"> Paolo Bordoni, Jin Ju, Peter Korfmacher, Oleg Marshev<\/span><\/p>\n<p><span style=\"font-size: 12pt; font-family: arial, helvetica, sans-serif;\"><strong>1st Prize: <\/strong>Tamila Salimdjanova, Kim Jun Hee<br \/>\n<strong> 2nd Prize:<\/strong> Yuval Gilad<br \/>\n<strong> 3rd Prize: <\/strong>not assigned<strong><br \/>\n<\/strong><\/span><\/p>\n<h6 style=\"text-align: justify;\"><span style=\"font-size: 12pt; font-family: arial, helvetica, sans-serif;\"><strong>Fifth Edition &#8211;<\/strong><strong> 2014<\/strong><\/span><\/h6>\n<p><span style=\"font-size: 12pt; font-family: arial, helvetica, sans-serif;\"><strong>Jury<\/strong>: Jean-Francois Antonioli, president<\/span><br \/>\n<span style=\"line-height: 1.5; font-size: 12pt; font-family: arial, helvetica, sans-serif;\"> Riccardo Risaliti, Daniel Rivera, Claudius Tanski, Mariangela Vacatello<\/span><\/p>\n<p><span style=\"font-size: 12pt; font-family: arial, helvetica, sans-serif;\"><strong>1st prize<\/strong>: Aljosa Jurinic<strong><br \/>\n<\/strong><strong>2nd prize<\/strong>:Michael Davidov\u00c2&nbsp;and\u00c2&nbsp;Fumika Saito<\/span><br \/>\n<span style=\"font-size: 12pt; font-family: arial, helvetica, sans-serif;\"> <strong>3rd prize:<\/strong> not assigned<\/span><\/p>\n<p><span style=\"font-size: 12pt; font-family: arial, helvetica, sans-serif;\"><b>Sixth Edition &#8211; 2015<\/b><\/span><\/p>\n<p><span style=\"font-size: 12pt; font-family: arial, helvetica, sans-serif;\"><strong>Jury<\/strong>:&nbsp;Vovka Ashkenazy, president;<\/span><br \/>\n<span style=\"font-size: 12pt; font-family: arial, helvetica, sans-serif;\">Luiza Borac,&nbsp;<span style=\"line-height: 1.5;\">Jasuko <\/span>Matsuda<span style=\"line-height: 1.5;\">,&nbsp;<\/span><span style=\"line-height: 1.5;\">Catherine <\/span>Vickers,&nbsp;<span style=\"line-height: 1.5;\">Marco <\/span>Vincenzi&nbsp;<\/span><\/p>\n<p><span style=\"font-size: 12pt; font-family: arial, helvetica, sans-serif;\"><strong>1st prize<\/strong>: Maddalena Giacopuzzi<\/span><br \/>\n<span style=\"font-size: 12pt; font-family: arial, helvetica, sans-serif;\"><strong>2nd prize<\/strong>: Wataru Hisasue<\/span><br \/>\n<span style=\"font-size: 12pt; font-family: arial, helvetica, sans-serif;\"><strong>3rd prize<\/strong>: Takuya Tainaka<\/span><\/p>\n<p><span style=\"font-family: arial, helvetica, sans-serif;\"><strong>Seventh &nbsp;edition \u2013 2016<\/strong><\/span><\/p>\n<p><span style=\"font-family: arial, helvetica, sans-serif;\"><strong>Jury<\/strong>:&nbsp;Gian Paolo Minardi, president<\/span><br \/>\n<span style=\"font-family: arial, helvetica, sans-serif;\">Vovka Askenazy&nbsp;,&nbsp;Luiza Borac,&nbsp;Paola Bruni,&nbsp;Jin Ju<\/span><\/p>\n<p><span style=\"font-family: arial, helvetica, sans-serif;\"><strong>1st prize<\/strong>: Kazuya Saito<\/span><br \/>\n<span style=\"font-family: arial, helvetica, sans-serif;\"><strong>2nd prize<\/strong>: Miyeon Lee<\/span><br \/>\n<span style=\"font-family: arial, helvetica, sans-serif;\"><strong>3rd prize<\/strong>: Michelle Candotti<\/span><\/p>\n<p><span style=\"font-family: arial, helvetica, sans-serif;\"><strong>Eight edition \u2013 2017<\/strong><\/span><\/p>\n<p><span style=\"font-family: arial, helvetica, sans-serif;\"><strong>Jury<\/strong>: Klaus Hellwig, president;<\/span><br \/>\n<span style=\"font-family: arial, helvetica, sans-serif;\">Muriel Chemin,&nbsp;Pasquale Iannone,&nbsp;Cristina Ortiz,&nbsp;Riccardo Risaliti<\/span><\/p>\n<p><span style=\"font-family: arial, helvetica, sans-serif;\"><strong>1st prize ex-aequo:&nbsp;<\/strong>Dong-Wan Ha,&nbsp;Hoyel Lee<\/span><br \/>\n<span style=\"font-family: arial, helvetica, sans-serif;\"><strong>2nd prize<\/strong>:&nbsp;Jin-Hyeon Lee<\/span><\/p>\n<p><span style=\"font-family: arial, helvetica, sans-serif;\"><strong>Ninth edition \u2013 2018<\/strong><strong><br \/>\n<\/strong><\/span><\/p>\n<p><span style=\"font-family: arial, helvetica, sans-serif;\"><strong>Jury<\/strong>: Massimiliano Caldi, president;&nbsp;Anna Kravtchenko,&nbsp;Mi-Joo Lee,&nbsp;Riccardo Risaliti,&nbsp;Claudius Tanski<\/span><\/p>\n<p><span style=\"font-family: arial, helvetica, sans-serif;\"><strong>1st prize&nbsp;ex aequo:&nbsp;<\/strong>Aleksandra Mazurkevich,&nbsp;Danylo Saienko&nbsp;&nbsp;<\/span><br \/>\n<span style=\"font-family: arial, helvetica, sans-serif;\"><strong>2nd prize:&nbsp;<\/strong>Alexey Kudryashov&nbsp;<\/span><br \/>\n<span style=\"font-family: arial, helvetica, sans-serif;\"><strong>3rd prize:&nbsp;<\/strong>Ivan Vihor Krsnik Cohar<\/span><\/p>\n<p><span style=\"font-family: arial, helvetica, sans-serif;\"><span style=\"font-size: 12pt;\"><strong>Tenth edition<\/strong><\/span><span style=\"font-size: 12pt;\"><strong>&nbsp;&#8211; 2019<\/strong><\/span><\/span><\/p>\n<p><span style=\"font-family: arial, helvetica, sans-serif;\"><strong>Jury<\/strong>: Massimiliano Caldi, president; Stefano Fiuzzi, Maria Masycheva, Alexander Romanovsky, Riccardo Risaliti&nbsp;<\/span><\/p>\n<p><span style=\"font-family: arial, helvetica, sans-serif;\"><strong>1st prize<\/strong>:&nbsp;Junjie Zhang<\/span><br \/>\n<span style=\"font-family: arial, helvetica, sans-serif;\"><strong>2nd prize ex aequo:<\/strong>&nbsp;Matteo Cardelli, Giulia Contaldo<\/span><\/p>\n<p><span style=\"font-family: arial, helvetica, sans-serif;\"><span style=\"font-size: 12pt;\"><strong>Eleventh edition<\/strong><\/span><span style=\"font-size: 12pt;\"><strong> &#8211; 2021<\/strong><\/span><\/span><\/p>\n<p><span style=\"font-family: arial, helvetica, sans-serif;\"><strong>Jury:<\/strong> Vovka Ashkenazy, president; Muriel Chemin, Violetta Egorova, Giampaolo Nuti, Marco&nbsp; Vincenzi<\/span><\/p>\n<p><span style=\"font-family: arial, helvetica, sans-serif;\"><strong>1st prize<\/strong>: Riccardo Gagliardi<\/span><br \/>\n<span style=\"font-family: arial, helvetica, sans-serif;\"><strong>2nd prize&nbsp;: <\/strong>Haozhou Wang<\/span><br \/>\n<span style=\"font-family: arial, helvetica, sans-serif;\"><strong>3rd prize ex aequo:&nbsp; <\/strong>Kisuk Kwon &#8211; Vincent Ling<\/span><\/p>\n<p><span style=\"font-family: arial, helvetica, sans-serif;\"><strong>Twelfth edizione &#8211; 2022<\/strong><\/span><\/p>\n<p><span style=\"font-family: arial, helvetica, sans-serif;\"><strong>Jury<\/strong>: Bryce Morrison, president; Jean-Fran\u00e7ois Antonioli,&nbsp; Vovka Ashkenazy, Giampaolo Nuti, Riccardo Risaliti, Fran\u00e7ois-Jo\u00ebl Thiollier, Catherine Vickers<\/span><\/p>\n<p><span style=\"font-family: arial, helvetica, sans-serif;\"><strong>First Prize:<\/strong>&nbsp;Saya Ota<\/span><br \/>\n<span style=\"font-family: arial, helvetica, sans-serif;\"><strong>Second Prize:<\/strong> Takeshi Shimozato<\/span><br \/>\n<span style=\"font-family: arial, helvetica, sans-serif;\"><strong>Third Prize:<\/strong> Alessandro Villalva<\/span><\/p>\n<p><span style=\"font-family: arial, helvetica, sans-serif;\"><strong>Thirteenth edition &#8211; 2023<\/strong><\/span><\/p>\n<p><span style=\"font-family: arial, helvetica, sans-serif;\"><strong>Jury:<\/strong> Fabio Vacchi, president; Vovka Ashkenazy, Olivier Gardon, Riccardo Risaliti, Daniel Rivera, \u00c1lvaro Teixeira Lopes, Marco Vincenzi<\/span><\/p>\n<p><span style=\"font-family: arial, helvetica, sans-serif;\"><strong>First Prize:<\/strong> Peng Lin<\/span><br \/>\n<span style=\"font-family: arial, helvetica, sans-serif;\"><strong>Second Prize ex aequo:<\/strong> Pierpaolo Buggiani and <\/span><span style=\"font-family: arial, helvetica, sans-serif;\">Gichang Lee<\/span><\/p>\n<p><span style=\"font-family: arial, helvetica, sans-serif;\"><strong>Fourteenth edition &#8211; 2024<\/strong><\/span><\/p>\n<p><span style=\"font-family: arial, helvetica, sans-serif;\"><strong>Jury:<\/strong> Fabio Vacchi, president; Michele Campanella, Pietro De Maria, Jin Ju, Anna Kravtchenko, Bryce Morrison, Riccardo Risaliti,&nbsp;<\/span><\/p>\n<p><span style=\"font-family: arial, helvetica, sans-serif;\"><strong>First Prize:<\/strong> Alessandro Artese<\/span><br \/>\n<span style=\"font-family: arial, helvetica, sans-serif;\"><strong>Second Prize:<\/strong> Giulia Toniolo<br \/>\n<strong>Third Prize ex-aequo<\/strong>: Anastasiya Torap and Greta Maria Lobefaro<\/span><\/p>\n<p><span style=\"font-size: 12pt;\"><strong>Fifteenth edition \u2013 2025<\/strong><\/span><\/p>\n<p><strong>Jury:<\/strong>&nbsp;<a href=\"https:\/\/bacchini.net\/masnew_z\/?page_id=4003\">Fabio Vacchi<\/a>, president;<br \/>\n<a href=\"https:\/\/bacchini.net\/masnew_z\/?page_id=3485\">Jean Francois Antonioli,&nbsp;<\/a><a href=\"https:\/\/bacchini.net\/masnew_z\/?page_id=4573\">Michele Campanella<\/a>,&nbsp;<a href=\"https:\/\/bacchini.net\/masnew_z\/?page_id=5067\">Jean Jacques Eigeldinger<\/a>,&nbsp;&nbsp;<a href=\"https:\/\/bacchini.net\/masnew_z\/?page_id=4580\">Michele Gamba<\/a>,&nbsp;<a href=\"https:\/\/bacchini.net\/masnew_z\/?page_id=4584\">Anna Kravtchenko<\/a>, &nbsp;<a href=\"https:\/\/bacchini.net\/masnew_z\/?page_id=5063\">Jeffrey Swann<\/a><\/p>\n<p><strong><span class=\"country\">First Prize: <\/span><\/strong><span class=\"country\">Ana\u00efs Cassiers<\/span><strong><span class=\"country\"><br \/>\nSecond Prize: <\/span><\/strong><span class=\"country\">Maruyama Nagino<br \/>\n<strong>Third Prize: <\/strong>Kseniia Davnis<br \/>\n<strong>Speciale Prize of the Jury: <\/strong>Antonio Pitaro<\/span><\/p>\n<p><\/p>","protected":false},"excerpt":{"rendered":"<p>First Edition &#8211; 2010 Jury: Riccardo Risaliti, president Giuseppe Bruno, Roberto Cappello, Luciano Lanfranchi, Federico Rovini 1st Prize: not awarded 2nd Prize: Yutaka Nishimura 3rd Prize: Edoardo Barsotti, Alvise Pascucci Second Edition &#8211; 2011 Jury: Riccardo Risaliti, president Pietro De Maria, Jin Ju, Daniel Rivera,Federico Rovini) 1st Prize: Galina Chistiakova, Katerina Titova 2nd Prize: Chiara &hellip; <a href=\"https:\/\/associazionemusicalemassarosa.eu\/?page_id=27\" class=\"more-link\">Continue reading <span class=\"screen-reader-text\">Archive<\/span> <span class=\"meta-nav\">&rarr;<\/span><\/a><\/p>\n","protected":false},"author":1,"featured_media":0,"parent":0,"menu_order":0,"comment_status":"open","ping_status":"open","template":"","meta":{"ngg_post_thumbnail":0,"footnotes":"","_links_to":"","_links_to_target":""},"class_list":["post-27","page","type-page","status-publish","hentry"],"_links":{"self":[{"href":"https:\/\/associazionemusicalemassarosa.eu\/index.php?rest_route=\/wp\/v2\/pages\/27","targetHints":{"allow":["GET"]}}],"collection":[{"href":"https:\/\/associazionemusicalemassarosa.eu\/index.php?rest_route=\/wp\/v2\/pages"}],"about":[{"href":"https:\/\/associazionemusicalemassarosa.eu\/index.php?rest_route=\/wp\/v2\/types\/page"}],"author":[{"embeddable":true,"href":"https:\/\/associazionemusicalemassarosa.eu\/index.php?rest_route=\/wp\/v2\/users\/1"}],"replies":[{"embeddable":true,"href":"https:\/\/associazionemusicalemassarosa.eu\/index.php?rest_route=%2Fwp%2Fv2%2Fcomments&post=27"}],"version-history":[{"count":3,"href":"https:\/\/associazionemusicalemassarosa.eu\/index.php?rest_route=\/wp\/v2\/pages\/27\/revisions"}],"predecessor-version":[{"id":55750,"href":"https:\/\/associazionemusicalemassarosa.eu\/index.php?rest_route=\/wp\/v2\/pages\/27\/revisions\/55750"}],"wp:attachment":[{"href":"https:\/\/associazionemusicalemassarosa.eu\/index.php?rest_route=%2Fwp%2Fv2%2Fmedia&parent=27"}],"curies":[{"name":"wp","href":"https:\/\/api.w.org\/{rel}","templated":true}]}}